{"id":581,"date":"2024-07-05T20:58:06","date_gmt":"2024-07-05T17:58:06","guid":{"rendered":"http:\/\/aska.lt\/?page_id=581"},"modified":"2025-10-30T15:52:34","modified_gmt":"2025-10-30T13:52:34","slug":"kontaktai","status":"publish","type":"page","link":"https:\/\/aska.lt\/en\/kontaktai\/","title":{"rendered":"Contact"},"content":{"rendered":"<div data-elementor-type=\"wp-page\" data-elementor-id=\"581\" class=\"elementor elementor-581\" data-elementor-post-type=\"page\">\n\t\t\t\t<div class=\"elementor-element elementor-element-02ac5fc e-con-full e-flex e-con e-parent\" data-id=\"02ac5fc\" data-element_type=\"container\" id=\"aska-container\" data-settings=\"{&quot;background_background&quot;:&quot;classic&quot;}\">\n\t\t\t\t<div class=\"elementor-element elementor-element-6e7acf9 elementor-widget elementor-widget-html\" data-id=\"6e7acf9\" data-element_type=\"widget\" data-widget_type=\"html.default\">\n\t\t\t\t<div class=\"elementor-widget-container\">\n\t\t\t\t\t<p class=\"hero-eyebrow-contact\">\n  LOOKING A PARTNER <span class=\"wow-contact\">FOR YOUR PROJECT?<\/span>\n<\/p>\t\t\t\t<\/div>\n\t\t\t\t<\/div>\n\t\t\t\t<div class=\"elementor-element elementor-element-7ecda35 elementor-hidden-widescreen elementor-hidden-desktop elementor-hidden-laptop elementor-hidden-tablet elementor-hidden-mobile elementor-widget elementor-widget-heading\" data-id=\"7ecda35\" data-element_type=\"widget\" data-widget_type=\"heading.default\">\n\t\t\t\t<div class=\"elementor-widget-container\">\n\t\t\t\t\t<h2 class=\"elementor-heading-title elementor-size-default\">IE\u0160kai partnerio savo projektui?<\/h2>\t\t\t\t<\/div>\n\t\t\t\t<\/div>\n\t\t\t\t<div class=\"elementor-element elementor-element-28b2185 elementor-widget elementor-widget-heading\" data-id=\"28b2185\" data-element_type=\"widget\" data-widget_type=\"heading.default\">\n\t\t\t\t<div class=\"elementor-widget-container\">\n\t\t\t\t\t<h2 class=\"elementor-heading-title elementor-size-default\">LET\u2019S GET IN TOUCH<\/h2>\t\t\t\t<\/div>\n\t\t\t\t<\/div>\n\t\t\t\t<div class=\"elementor-element elementor-element-384a096 elementor-button-align-start elementor-widget__width-initial elementor-widget-tablet__width-inherit elementor-widget elementor-widget-form\" data-id=\"384a096\" data-element_type=\"widget\" data-settings=\"{&quot;step_next_label&quot;:&quot;Next&quot;,&quot;step_previous_label&quot;:&quot;Previous&quot;,&quot;button_width&quot;:&quot;100&quot;,&quot;step_type&quot;:&quot;number_text&quot;,&quot;step_icon_shape&quot;:&quot;circle&quot;}\" data-widget_type=\"form.default\">\n\t\t\t\t<div class=\"elementor-widget-container\">\n\t\t\t\t\t\t\t<form class=\"elementor-form\" method=\"post\" name=\"New Form\" aria-label=\"New Form\" action=\"\">\n\t\t\t<input type=\"hidden\" name=\"post_id\" value=\"581\"\/>\n\t\t\t<input type=\"hidden\" name=\"form_id\" value=\"384a096\"\/>\n\t\t\t<input type=\"hidden\" name=\"referer_title\" value=\"Kontaktai - ASKA\" \/>\n\n\t\t\t\t\t\t\t<input type=\"hidden\" name=\"queried_id\" value=\"581\"\/>\n\t\t\t\n\t\t\t<div class=\"elementor-form-fields-wrapper elementor-labels-above\">\n\t\t\t\t\t\t\t\t<div class=\"elementor-field-type-text elementor-field-group elementor-column elementor-field-group-name elementor-col-100\">\n\t\t\t\t\t\t\t\t\t\t\t\t\t<input size=\"1\" type=\"text\" name=\"form_fields[name]\" id=\"form-field-name\" class=\"elementor-field elementor-size-sm  elementor-field-textual\" placeholder=\"Name \/ Company name\">\n\t\t\t\t\t\t\t\t\t\t\t<\/div>\n\t\t\t\t\t\t\t\t<div class=\"elementor-field-type-email elementor-field-group elementor-column elementor-field-group-email elementor-col-100 elementor-field-required\">\n\t\t\t\t\t\t\t\t\t\t\t\t\t<input size=\"1\" type=\"email\" name=\"form_fields[email]\" id=\"form-field-email\" class=\"elementor-field elementor-size-sm  elementor-field-textual\" placeholder=\"Email\" required=\"required\">\n\t\t\t\t\t\t\t\t\t\t\t<\/div>\n\t\t\t\t\t\t\t\t<div class=\"elementor-field-type-textarea elementor-field-group elementor-column elementor-field-group-message elementor-col-70\">\n\t\t\t\t\t<textarea class=\"elementor-field-textual elementor-field  elementor-size-sm\" name=\"form_fields[message]\" id=\"form-field-message\" rows=\"6\" placeholder=\"Brief project description\"><\/textarea>\t\t\t\t<\/div>\n\t\t\t\t\t\t\t\t<div class=\"elementor-field-type-checkbox elementor-field-group elementor-column elementor-field-group-field_bdf1f84 elementor-col-30\">\n\t\t\t\t\t\t\t\t\t\t\t\t<label for=\"form-field-field_bdf1f84\" class=\"elementor-field-label\">\n\t\t\t\t\t\t\t\tServices of interest\t\t\t\t\t\t\t<\/label>\n\t\t\t\t\t\t<div class=\"elementor-field-subgroup\"><span class=\"elementor-field-option\"><input type=\"checkbox\" value=\" Interneto svetaini\u0173 k\u016brimas\" id=\"form-field-field_bdf1f84-0\" name=\"form_fields[field_bdf1f84][]\"> <label for=\"form-field-field_bdf1f84-0\">Website development <\/label><\/span><span class=\"elementor-field-option\"><input type=\"checkbox\" value=\" Dizaino perk\u0117limas i\u0161 Figma\" id=\"form-field-field_bdf1f84-1\" name=\"form_fields[field_bdf1f84][]\"> <label for=\"form-field-field_bdf1f84-1\">Design transfer from Figma <\/label><\/span><span class=\"elementor-field-option\"><input type=\"checkbox\" value=\" Facebook\/Google reklama\" id=\"form-field-field_bdf1f84-2\" name=\"form_fields[field_bdf1f84][]\"> <label for=\"form-field-field_bdf1f84-2\">Facebook \/ Google advertising <\/label><\/span><span class=\"elementor-field-option\"><input type=\"checkbox\" value=\" SEO optimizacija\" id=\"form-field-field_bdf1f84-3\" name=\"form_fields[field_bdf1f84][]\"> <label for=\"form-field-field_bdf1f84-3\">SEO optimization <\/label><\/span><span class=\"elementor-field-option\"><input type=\"checkbox\" value=\" Programavimas\" id=\"form-field-field_bdf1f84-4\" name=\"form_fields[field_bdf1f84][]\"> <label for=\"form-field-field_bdf1f84-4\">Programming <\/label><\/span><\/div>\t\t\t\t<\/div>\n\t\t\t\t\t\t\t\t<div class=\"elementor-field-type-recaptcha_v3 elementor-field-group elementor-column elementor-field-group-field_0456611 elementor-col-100 recaptcha_v3-bottomleft\">\n\t\t\t\t\t<div class=\"elementor-field\" id=\"form-field-field_0456611\"><div class=\"elementor-g-recaptcha\" data-sitekey=\"6LeLixgqAAAAAOUl8q_wzCs15W18I9Vk0nrDRTSu\" data-type=\"v3\" data-action=\"Form\" data-badge=\"bottomleft\" data-size=\"invisible\"><\/div><\/div>\t\t\t\t<\/div>\n\t\t\t\t\t\t\t\t<div class=\"elementor-field-group elementor-column elementor-field-type-submit elementor-col-100 e-form__buttons\">\n\t\t\t\t\t<button class=\"elementor-button elementor-size-sm\" type=\"submit\">\n\t\t\t\t\t\t<span class=\"elementor-button-content-wrapper\">\n\t\t\t\t\t\t\t\t\t\t\t\t\t\t\t\t\t\t\t\t\t\t<span class=\"elementor-button-text\">Send request<\/span>\n\t\t\t\t\t\t\t\t\t\t\t\t\t<\/span>\n\t\t\t\t\t<\/button>\n\t\t\t\t<\/div>\n\t\t\t<\/div>\n\t\t<input type=\"hidden\" name=\"trp-form-language\" value=\"en\"\/><\/form>\n\t\t\t\t\t\t<\/div>\n\t\t\t\t<\/div>\n\t\t\t\t<div class=\"elementor-element elementor-element-a5a8e24 elementor-icon-list--layout-inline elementor-align-right elementor-mobile-align-left elementor-list-item-link-full_width elementor-widget elementor-widget-icon-list\" data-id=\"a5a8e24\" data-element_type=\"widget\" data-widget_type=\"icon-list.default\">\n\t\t\t\t<div class=\"elementor-widget-container\">\n\t\t\t\t\t\t\t<ul class=\"elementor-icon-list-items elementor-inline-items\">\n\t\t\t\t\t\t\t<li class=\"elementor-icon-list-item elementor-inline-item\">\n\t\t\t\t\t\t\t\t\t\t\t<a href=\"mailto:arnoldas@aska.lt\">\n\n\t\t\t\t\t\t\t\t\t\t\t<span class=\"elementor-icon-list-text\">arnoldas@aska.lt<\/span>\n\t\t\t\t\t\t\t\t\t\t\t<\/a>\n\t\t\t\t\t\t\t\t\t<\/li>\n\t\t\t\t\t\t\t\t<li class=\"elementor-icon-list-item elementor-inline-item\">\n\t\t\t\t\t\t\t\t\t\t\t<a href=\"tel:%20+37068410413\">\n\n\t\t\t\t\t\t\t\t\t\t\t<span class=\"elementor-icon-list-text\">+37068410413<\/span>\n\t\t\t\t\t\t\t\t\t\t\t<\/a>\n\t\t\t\t\t\t\t\t\t<\/li>\n\t\t\t\t\t\t<\/ul>\n\t\t\t\t\t\t<\/div>\n\t\t\t\t<\/div>\n\t\t\t\t<div class=\"elementor-element elementor-element-1dfab27 elementor-widget elementor-widget-image\" data-id=\"1dfab27\" data-element_type=\"widget\" data-widget_type=\"image.default\">\n\t\t\t\t<div class=\"elementor-widget-container\">\n\t\t\t\t\t\t\t\t\t\t\t\t<figure class=\"wp-caption\">\n\t\t\t\t\t\t\t\t\t\t\t<a href=\"https:\/\/aska.lt\/wp-content\/uploads\/2025\/09\/Ne-tik-22debesies22-projektas-ASKA.png\" data-elementor-open-lightbox=\"yes\" data-elementor-lightbox-title=\"Ne tik debesies projektas | ASKA\" data-e-action-hash=\"#elementor-action%3Aaction%3Dlightbox%26settings%3DeyJpZCI6NjQ5NSwidXJsIjoiaHR0cHM6XC9cL2Fza2EubHRcL3dwLWNvbnRlbnRcL3VwbG9hZHNcLzIwMjVcLzA5XC9OZS10aWstMjJkZWJlc2llczIyLXByb2pla3Rhcy1BU0tBLnBuZyJ9\">\n\t\t\t\t\t\t\t<img fetchpriority=\"high\" decoding=\"async\" width=\"1184\" height=\"864\" src=\"https:\/\/aska.lt\/wp-content\/uploads\/2025\/09\/Ne-tik-22debesies22-projektas-ASKA.png\" class=\"attachment-full size-full wp-image-6495\" alt=\"\" srcset=\"https:\/\/aska.lt\/wp-content\/uploads\/2025\/09\/Ne-tik-22debesies22-projektas-ASKA.png 1184w, https:\/\/aska.lt\/wp-content\/uploads\/2025\/09\/Ne-tik-22debesies22-projektas-ASKA-300x219.png 300w, https:\/\/aska.lt\/wp-content\/uploads\/2025\/09\/Ne-tik-22debesies22-projektas-ASKA-1024x747.png 1024w, https:\/\/aska.lt\/wp-content\/uploads\/2025\/09\/Ne-tik-22debesies22-projektas-ASKA-16x12.png 16w\" sizes=\"(max-width: 1184px) 100vw, 1184px\" \/>\t\t\t\t\t\t\t\t<\/a>\n\t\t\t\t\t\t\t\t\t\t\t<figcaption class=\"widget-image-caption wp-caption-text\">Not just a \u201ccloud\u201d project.<\/figcaption>\n\t\t\t\t\t\t\t\t\t\t<\/figure>\n\t\t\t\t\t\t\t\t\t<\/div>\n\t\t\t\t<\/div>\n\t\t\t\t<div class=\"elementor-element elementor-element-1cf92b2 elementor-absolute elementor-widget elementor-widget-html\" data-id=\"1cf92b2\" data-element_type=\"widget\" data-settings=\"{&quot;_position&quot;:&quot;absolute&quot;}\" data-widget_type=\"html.default\">\n\t\t\t\t<div class=\"elementor-widget-container\">\n\t\t\t\t\t<div class=\"red-top-triangle2\" style=\"background:#ED3237; height:1058px; width:38vw; clip-path: polygon(100% 0, 0% 100%, 100% 100%);\"><\/div>\n\n<style>\n     @media (max-width:768px){\n    .red-top-triangle2{height:250px!important; width:180px!important;\n  }\n<\/style>\t\t\t\t<\/div>\n\t\t\t\t<\/div>\n\t\t\t\t<div class=\"elementor-element elementor-element-9f596be elementor-widget elementor-widget-image\" data-id=\"9f596be\" data-element_type=\"widget\" data-widget_type=\"image.default\">\n\t\t\t\t<div class=\"elementor-widget-container\">\n\t\t\t\t\t\t\t\t\t\t\t\t\t\t\t<img decoding=\"async\" width=\"380\" height=\"2253\" data-src=\"https:\/\/aska.lt\/wp-content\/uploads\/2025\/09\/Frame-1597880348-4.png\" class=\"attachment-full size-full wp-image-6194 lazyload\" alt=\"\" data-srcset=\"https:\/\/aska.lt\/wp-content\/uploads\/2025\/09\/Frame-1597880348-4.png 380w, https:\/\/aska.lt\/wp-content\/uploads\/2025\/09\/Frame-1597880348-4-2x12.png 2w\" data-sizes=\"(max-width: 380px) 100vw, 380px\" src=\"data:image\/svg+xml;base64,PHN2ZyB3aWR0aD0iMSIgaGVpZ2h0PSIxIiB4bWxucz0iaHR0cDovL3d3dy53My5vcmcvMjAwMC9zdmciPjwvc3ZnPg==\" style=\"--smush-placeholder-width: 380px; --smush-placeholder-aspect-ratio: 380\/2253;\" \/>\t\t\t\t\t\t\t\t\t\t\t\t\t\t\t<\/div>\n\t\t\t\t<\/div>\n\t\t\t\t<\/div>\n\t\t\t\t<\/div>","protected":false},"excerpt":{"rendered":"<p>IE\u0160KAI PARTNERIO SAVO PROJEKTUI? IE\u0160kai partnerio savo projektui? SUSISIEKIME arnoldas@aska.lt +37068410413 Ne tik \u201edebesies\u201c projektas.<\/p>","protected":false},"author":1,"featured_media":0,"parent":0,"menu_order":0,"comment_status":"closed","ping_status":"closed","template":"elementor_header_footer","meta":{"_acf_changed":false,"footnotes":""},"class_list":["post-581","page","type-page","status-publish","hentry"],"acf":[],"yoast_head":"<!-- This site is optimized with the Yoast SEO plugin v26.6 - https:\/\/yoast.com\/wordpress\/plugins\/seo\/ -->\n<title>Kontaktai - ASKA<\/title>\n<meta name=\"description\" content=\"ASKA.LT - Kontaktin\u0117 informacija. M\u016bs\u0173 komanda teikia i\u0161sami\u0105 informacij\u0105 ir pagalb\u0105, kad j\u016bs\u0173 projektai veikt\u0173 skland\u017eiai.\" \/>\n<meta name=\"robots\" content=\"index, follow, max-snippet:-1, max-image-preview:large, max-video-preview:-1\" \/>\n<link rel=\"canonical\" href=\"https:\/\/aska.lt\/en\/kontaktai\/\" \/>\n<meta property=\"og:locale\" content=\"en_US\" \/>\n<meta property=\"og:type\" content=\"article\" \/>\n<meta property=\"og:title\" content=\"Kontaktai - ASKA\" \/>\n<meta property=\"og:description\" content=\"ASKA.LT - Kontaktin\u0117 informacija. M\u016bs\u0173 komanda teikia i\u0161sami\u0105 informacij\u0105 ir pagalb\u0105, kad j\u016bs\u0173 projektai veikt\u0173 skland\u017eiai.\" \/>\n<meta property=\"og:url\" content=\"https:\/\/aska.lt\/en\/kontaktai\/\" \/>\n<meta property=\"og:site_name\" content=\"ASKA\" \/>\n<meta property=\"article:modified_time\" content=\"2025-10-30T13:52:34+00:00\" \/>\n<meta property=\"og:image\" content=\"https:\/\/aska.lt\/wp-content\/uploads\/2025\/09\/Ne-tik-22debesies22-projektas-ASKA.png\" \/>\n\t<meta property=\"og:image:width\" content=\"1184\" \/>\n\t<meta property=\"og:image:height\" content=\"864\" \/>\n\t<meta property=\"og:image:type\" content=\"image\/png\" \/>\n<meta name=\"twitter:card\" content=\"summary_large_image\" \/>\n<meta name=\"twitter:label1\" content=\"Est. reading time\" \/>\n\t<meta name=\"twitter:data1\" content=\"1 minute\" \/>\n<script type=\"application\/ld+json\" class=\"yoast-schema-graph\">{\"@context\":\"https:\/\/schema.org\",\"@graph\":[{\"@type\":\"WebPage\",\"@id\":\"https:\/\/aska.lt\/kontaktai\/\",\"url\":\"https:\/\/aska.lt\/kontaktai\/\",\"name\":\"Kontaktai - ASKA\",\"isPartOf\":{\"@id\":\"https:\/\/aska.lt\/#website\"},\"primaryImageOfPage\":{\"@id\":\"https:\/\/aska.lt\/kontaktai\/#primaryimage\"},\"image\":{\"@id\":\"https:\/\/aska.lt\/kontaktai\/#primaryimage\"},\"thumbnailUrl\":\"https:\/\/aska.lt\/wp-content\/uploads\/2025\/09\/Ne-tik-22debesies22-projektas-ASKA.png\",\"datePublished\":\"2024-07-05T17:58:06+00:00\",\"dateModified\":\"2025-10-30T13:52:34+00:00\",\"description\":\"ASKA.LT - Kontaktin\u0117 informacija. M\u016bs\u0173 komanda teikia i\u0161sami\u0105 informacij\u0105 ir pagalb\u0105, kad j\u016bs\u0173 projektai veikt\u0173 skland\u017eiai.\",\"breadcrumb\":{\"@id\":\"https:\/\/aska.lt\/kontaktai\/#breadcrumb\"},\"inLanguage\":\"en-US\",\"potentialAction\":[{\"@type\":\"ReadAction\",\"target\":[\"https:\/\/aska.lt\/kontaktai\/\"]}]},{\"@type\":\"ImageObject\",\"inLanguage\":\"en-US\",\"@id\":\"https:\/\/aska.lt\/kontaktai\/#primaryimage\",\"url\":\"https:\/\/aska.lt\/wp-content\/uploads\/2025\/09\/Ne-tik-22debesies22-projektas-ASKA.png\",\"contentUrl\":\"https:\/\/aska.lt\/wp-content\/uploads\/2025\/09\/Ne-tik-22debesies22-projektas-ASKA.png\"},{\"@type\":\"BreadcrumbList\",\"@id\":\"https:\/\/aska.lt\/kontaktai\/#breadcrumb\",\"itemListElement\":[{\"@type\":\"ListItem\",\"position\":1,\"name\":\"Prad\u017eia\",\"item\":\"https:\/\/aska.lt\/\"},{\"@type\":\"ListItem\",\"position\":2,\"name\":\"Kontaktai\"}]},{\"@type\":\"WebSite\",\"@id\":\"https:\/\/aska.lt\/#website\",\"url\":\"https:\/\/aska.lt\/\",\"name\":\"ASKA\",\"description\":\"Arnoldo Songailos k\u016brybin\u0117 agent\u016bra\",\"publisher\":{\"@id\":\"https:\/\/aska.lt\/#organization\"},\"potentialAction\":[{\"@type\":\"SearchAction\",\"target\":{\"@type\":\"EntryPoint\",\"urlTemplate\":\"https:\/\/aska.lt\/?s={search_term_string}\"},\"query-input\":{\"@type\":\"PropertyValueSpecification\",\"valueRequired\":true,\"valueName\":\"search_term_string\"}}],\"inLanguage\":\"en-US\"},{\"@type\":\"Organization\",\"@id\":\"https:\/\/aska.lt\/#organization\",\"name\":\"ASKA\",\"url\":\"https:\/\/aska.lt\/\",\"logo\":{\"@type\":\"ImageObject\",\"inLanguage\":\"en-US\",\"@id\":\"https:\/\/aska.lt\/#\/schema\/logo\/image\/\",\"url\":\"https:\/\/aska.lt\/wp-content\/uploads\/2024\/07\/aska.lt_logotipas-2-e1748552215575.png\",\"contentUrl\":\"https:\/\/aska.lt\/wp-content\/uploads\/2024\/07\/aska.lt_logotipas-2-e1748552215575.png\",\"width\":308,\"height\":96,\"caption\":\"ASKA\"},\"image\":{\"@id\":\"https:\/\/aska.lt\/#\/schema\/logo\/image\/\"}}]}<\/script>\n<!-- \/ Yoast SEO plugin. -->","yoast_head_json":{"title":"Kontaktai - ASKA","description":"ASKA.LT - Kontaktin\u0117 informacija. M\u016bs\u0173 komanda teikia i\u0161sami\u0105 informacij\u0105 ir pagalb\u0105, kad j\u016bs\u0173 projektai veikt\u0173 skland\u017eiai.","robots":{"index":"index","follow":"follow","max-snippet":"max-snippet:-1","max-image-preview":"max-image-preview:large","max-video-preview":"max-video-preview:-1"},"canonical":"https:\/\/aska.lt\/en\/kontaktai\/","og_locale":"en_US","og_type":"article","og_title":"Kontaktai - ASKA","og_description":"ASKA.LT - Kontaktin\u0117 informacija. M\u016bs\u0173 komanda teikia i\u0161sami\u0105 informacij\u0105 ir pagalb\u0105, kad j\u016bs\u0173 projektai veikt\u0173 skland\u017eiai.","og_url":"https:\/\/aska.lt\/en\/kontaktai\/","og_site_name":"ASKA","article_modified_time":"2025-10-30T13:52:34+00:00","og_image":[{"width":1184,"height":864,"url":"https:\/\/aska.lt\/wp-content\/uploads\/2025\/09\/Ne-tik-22debesies22-projektas-ASKA.png","type":"image\/png"}],"twitter_card":"summary_large_image","twitter_misc":{"Est. reading time":"1 minute"},"schema":{"@context":"https:\/\/schema.org","@graph":[{"@type":"WebPage","@id":"https:\/\/aska.lt\/kontaktai\/","url":"https:\/\/aska.lt\/kontaktai\/","name":"Kontaktai - ASKA","isPartOf":{"@id":"https:\/\/aska.lt\/#website"},"primaryImageOfPage":{"@id":"https:\/\/aska.lt\/kontaktai\/#primaryimage"},"image":{"@id":"https:\/\/aska.lt\/kontaktai\/#primaryimage"},"thumbnailUrl":"https:\/\/aska.lt\/wp-content\/uploads\/2025\/09\/Ne-tik-22debesies22-projektas-ASKA.png","datePublished":"2024-07-05T17:58:06+00:00","dateModified":"2025-10-30T13:52:34+00:00","description":"ASKA.LT - Kontaktin\u0117 informacija. M\u016bs\u0173 komanda teikia i\u0161sami\u0105 informacij\u0105 ir pagalb\u0105, kad j\u016bs\u0173 projektai veikt\u0173 skland\u017eiai.","breadcrumb":{"@id":"https:\/\/aska.lt\/kontaktai\/#breadcrumb"},"inLanguage":"en-US","potentialAction":[{"@type":"ReadAction","target":["https:\/\/aska.lt\/kontaktai\/"]}]},{"@type":"ImageObject","inLanguage":"en-US","@id":"https:\/\/aska.lt\/kontaktai\/#primaryimage","url":"https:\/\/aska.lt\/wp-content\/uploads\/2025\/09\/Ne-tik-22debesies22-projektas-ASKA.png","contentUrl":"https:\/\/aska.lt\/wp-content\/uploads\/2025\/09\/Ne-tik-22debesies22-projektas-ASKA.png"},{"@type":"BreadcrumbList","@id":"https:\/\/aska.lt\/kontaktai\/#breadcrumb","itemListElement":[{"@type":"ListItem","position":1,"name":"Prad\u017eia","item":"https:\/\/aska.lt\/"},{"@type":"ListItem","position":2,"name":"Kontaktai"}]},{"@type":"WebSite","@id":"https:\/\/aska.lt\/#website","url":"https:\/\/aska.lt\/","name":"ASKA","description":"Arnoldo Songailos k\u016brybin\u0117 agent\u016bra","publisher":{"@id":"https:\/\/aska.lt\/#organization"},"potentialAction":[{"@type":"SearchAction","target":{"@type":"EntryPoint","urlTemplate":"https:\/\/aska.lt\/?s={search_term_string}"},"query-input":{"@type":"PropertyValueSpecification","valueRequired":true,"valueName":"search_term_string"}}],"inLanguage":"en-US"},{"@type":"Organization","@id":"https:\/\/aska.lt\/#organization","name":"ASKA","url":"https:\/\/aska.lt\/","logo":{"@type":"ImageObject","inLanguage":"en-US","@id":"https:\/\/aska.lt\/#\/schema\/logo\/image\/","url":"https:\/\/aska.lt\/wp-content\/uploads\/2024\/07\/aska.lt_logotipas-2-e1748552215575.png","contentUrl":"https:\/\/aska.lt\/wp-content\/uploads\/2024\/07\/aska.lt_logotipas-2-e1748552215575.png","width":308,"height":96,"caption":"ASKA"},"image":{"@id":"https:\/\/aska.lt\/#\/schema\/logo\/image\/"}}]}},"_links":{"self":[{"href":"https:\/\/aska.lt\/en\/wp-json\/wp\/v2\/pages\/581","targetHints":{"allow":["GET"]}}],"collection":[{"href":"https:\/\/aska.lt\/en\/wp-json\/wp\/v2\/pages"}],"about":[{"href":"https:\/\/aska.lt\/en\/wp-json\/wp\/v2\/types\/page"}],"author":[{"embeddable":true,"href":"https:\/\/aska.lt\/en\/wp-json\/wp\/v2\/users\/1"}],"replies":[{"embeddable":true,"href":"https:\/\/aska.lt\/en\/wp-json\/wp\/v2\/comments?post=581"}],"version-history":[{"count":328,"href":"https:\/\/aska.lt\/en\/wp-json\/wp\/v2\/pages\/581\/revisions"}],"predecessor-version":[{"id":6684,"href":"https:\/\/aska.lt\/en\/wp-json\/wp\/v2\/pages\/581\/revisions\/6684"}],"wp:attachment":[{"href":"https:\/\/aska.lt\/en\/wp-json\/wp\/v2\/media?parent=581"}],"curies":[{"name":"wp","href":"https:\/\/api.w.org\/{rel}","templated":true}]}}