{"id":409,"date":"2024-07-05T15:22:25","date_gmt":"2024-07-05T12:22:25","guid":{"rendered":"http:\/\/aska.lt\/?page_id=409"},"modified":"2025-10-30T15:52:18","modified_gmt":"2025-10-30T13:52:18","slug":"apie-kurybine-agentura","status":"publish","type":"page","link":"https:\/\/aska.lt\/en\/apie-kurybine-agentura\/","title":{"rendered":"About creative agency"},"content":{"rendered":"<div data-elementor-type=\"wp-page\" data-elementor-id=\"409\" class=\"elementor elementor-409\" data-elementor-post-type=\"page\">\n\t\t\t\t<div class=\"elementor-element elementor-element-365e5c3 e-con-full e-flex e-con e-parent\" data-id=\"365e5c3\" data-element_type=\"container\" id=\"aska-container\" data-settings=\"{&quot;background_background&quot;:&quot;classic&quot;}\">\n\t\t\t\t<div class=\"elementor-element elementor-element-4035d56 elementor-widget elementor-widget-html\" data-id=\"4035d56\" data-element_type=\"widget\" data-widget_type=\"html.default\">\n\t\t\t\t<div class=\"elementor-widget-container\">\n\t\t\t\t\t<h1 class=\"hero-title\">\n  <span class=\"line2\">crafting<\/span>\n    <span class=\"line1\">digital<br>experience<\/span>\n<\/h1>\t\t\t\t<\/div>\n\t\t\t\t<\/div>\n\t\t\t\t<\/div>\n\t\t<div class=\"elementor-element elementor-element-a538021 e-con-full e-flex e-con e-parent\" data-id=\"a538021\" data-element_type=\"container\" id=\"aska-container\" data-settings=\"{&quot;background_background&quot;:&quot;classic&quot;}\">\n\t\t\t\t<div class=\"elementor-element elementor-element-b98704d elementor-hidden-mobile elementor-widget elementor-widget-image\" data-id=\"b98704d\" data-element_type=\"widget\" data-widget_type=\"image.default\">\n\t\t\t\t<div class=\"elementor-widget-container\">\n\t\t\t\t\t\t\t\t\t\t\t\t\t\t\t<img fetchpriority=\"high\" decoding=\"async\" width=\"760\" height=\"8336\" src=\"https:\/\/aska.lt\/wp-content\/uploads\/2025\/09\/Frame-1597880348-1.png\" class=\"attachment-full size-full wp-image-5827\" alt=\"\" \/>\t\t\t\t\t\t\t\t\t\t\t\t\t\t\t<\/div>\n\t\t\t\t<\/div>\n\t\t\t\t<div class=\"elementor-element elementor-element-2db21a6 elementor-hidden-widescreen elementor-hidden-desktop elementor-hidden-laptop elementor-hidden-tablet elementor-widget elementor-widget-image\" data-id=\"2db21a6\" data-element_type=\"widget\" data-widget_type=\"image.default\">\n\t\t\t\t<div class=\"elementor-widget-container\">\n\t\t\t\t\t\t\t\t\t\t\t\t\t\t\t<img decoding=\"async\" width=\"35\" height=\"1626\" data-src=\"https:\/\/aska.lt\/wp-content\/uploads\/2025\/09\/Frame-1597880348-2.png\" class=\"attachment-full size-full wp-image-6082 lazyload\" alt=\"\" src=\"data:image\/svg+xml;base64,PHN2ZyB3aWR0aD0iMSIgaGVpZ2h0PSIxIiB4bWxucz0iaHR0cDovL3d3dy53My5vcmcvMjAwMC9zdmciPjwvc3ZnPg==\" style=\"--smush-placeholder-width: 35px; --smush-placeholder-aspect-ratio: 35\/1626;\" \/>\t\t\t\t\t\t\t\t\t\t\t\t\t\t\t<\/div>\n\t\t\t\t<\/div>\n\t\t\t\t<div class=\"elementor-element elementor-element-3169c14 elementor-absolute elementor-widget elementor-widget-html\" data-id=\"3169c14\" data-element_type=\"widget\" data-settings=\"{&quot;_position&quot;:&quot;absolute&quot;}\" data-widget_type=\"html.default\">\n\t\t\t\t<div class=\"elementor-widget-container\">\n\t\t\t\t\t<div class=\"red-top-triangle2\" style=\"background:#ED3237; height:1058px; width:38vw; clip-path: polygon(100% 0, 0% 100%, 100% 100%);\"><\/div>\n\n<style>\n     @media (max-width:768px){\n    .red-top-triangle2{height:250px!important; width:180px!important;\n  }\n<\/style>\t\t\t\t<\/div>\n\t\t\t\t<\/div>\n\t\t<div class=\"elementor-element elementor-element-1187b81 e-con-full e-flex e-con e-child\" data-id=\"1187b81\" data-element_type=\"container\">\n\t\t<div class=\"elementor-element elementor-element-04446e4 e-con-full e-flex e-con e-child\" data-id=\"04446e4\" data-element_type=\"container\">\n\t\t\t\t<div class=\"elementor-element elementor-element-00e05ff elementor-widget elementor-widget-text-editor\" data-id=\"00e05ff\" data-element_type=\"widget\" data-widget_type=\"text-editor.default\">\n\t\t\t\t<div class=\"elementor-widget-container\">\n\t\t\t\t\t\t\t\t\t<p>We are creative problem solvers, design innovators, and growth partners. With more than 8 years of experience in graphic design, web development, and digital strategy, we help businesses stand out, connect with their audience, and grow successfully online.<\/p>\t\t\t\t\t\t\t\t<\/div>\n\t\t\t\t<\/div>\n\t\t\t\t<\/div>\n\t\t<div class=\"elementor-element elementor-element-d2620a8 e-con-full e-flex e-con e-child\" data-id=\"d2620a8\" data-element_type=\"container\">\n\t\t\t\t<div class=\"elementor-element elementor-element-1744b42 elementor-widget elementor-widget-text-editor\" data-id=\"1744b42\" data-element_type=\"widget\" data-widget_type=\"text-editor.default\">\n\t\t\t\t<div class=\"elementor-widget-container\">\n\t\t\t\t\t\t\t\t\t<p>WE BELIEVE THAT A GREAT WEBSITE IS NOT JUST ABOUT LOOKS \u2013 IT\u2019S ABOUT CREATING SEAMLESS USER EXPERIENCES THAT DELIVER REAL RESULTS. FROM BRAND-REFLECTING DESIGN TO AI-DRIVEN AUTOMATION AND CONVERSION-FOCUSED SOLUTIONS \u2013 WE CREATE DIGITAL PRODUCTS THAT BRING TOGETHER CREATIVITY, FUNCTIONALITY, AND TECHNOLOGY.<\/p>\t\t\t\t\t\t\t\t<\/div>\n\t\t\t\t<\/div>\n\t\t\t\t<\/div>\n\t\t\t\t<\/div>\n\t\t<div class=\"elementor-element elementor-element-bf77f0a e-con-full e-flex e-con e-child\" data-id=\"bf77f0a\" data-element_type=\"container\">\n\t\t<div class=\"elementor-element elementor-element-5b34724 e-con-full e-flex e-con e-child\" data-id=\"5b34724\" data-element_type=\"container\">\n\t\t\t\t<div class=\"elementor-element elementor-element-98abb15 elementor-widget__width-inherit elementor-widget elementor-widget-heading\" data-id=\"98abb15\" data-element_type=\"widget\" data-widget_type=\"heading.default\">\n\t\t\t\t<div class=\"elementor-widget-container\">\n\t\t\t\t\t<h2 class=\"elementor-heading-title elementor-size-default\">ARNOLD<\/h2>\t\t\t\t<\/div>\n\t\t\t\t<\/div>\n\t\t\t\t<div class=\"elementor-element elementor-element-d5dfe30 elementor-widget elementor-widget-text-editor\" data-id=\"d5dfe30\" data-element_type=\"widget\" data-widget_type=\"text-editor.default\">\n\t\t\t\t<div class=\"elementor-widget-container\">\n\t\t\t\t\t\t\t\t\t<p data-start=\"224\" data-end=\"531\">With more than 8 years of accumulated experience in graphic design, website development, digital strategy, and creative project management, we bring a comprehensive perspective to every task \u2014 from shaping visual identity to implementing technical solutions.<\/p><p data-start=\"224\" data-end=\"531\">\u00a0<\/p><p data-start=\"533\" data-end=\"818\">Our core principle is clear structure, a results-oriented approach, and the ability to turn creative ideas into practical solutions. We aim for every project to be not only aesthetically appealing but also to ensure smooth user experiences and the achievement of business goals.<\/p><p data-start=\"533\" data-end=\"818\">\u00a0<\/p><p data-start=\"820\" data-end=\"1107\">Creative solutions are based on strategic thinking: combining visual innovation, technological possibilities, and market needs. This synthesis allows us to create products and services that stand out in a competitive environment, encourage user engagement, and deliver long-term value.<\/p><p data-start=\"820\" data-end=\"1107\">\u00a0<\/p><p data-start=\"1109\" data-end=\"1276\">Every project is seen as an opportunity to rethink how design, technology, and communication can create a genuine connection between a brand and people.<\/p>\t\t\t\t\t\t\t\t<\/div>\n\t\t\t\t<\/div>\n\t\t\t\t<\/div>\n\t\t\t\t<div class=\"elementor-element elementor-element-387b904 elementor-widget__width-initial elementor-widget-mobile__width-inherit elementor-widget-tablet__width-inherit elementor-widget elementor-widget-image\" data-id=\"387b904\" data-element_type=\"widget\" data-widget_type=\"image.default\">\n\t\t\t\t<div class=\"elementor-widget-container\">\n\t\t\t\t\t\t\t\t\t\t\t\t\t\t\t<img decoding=\"async\" width=\"796\" height=\"1024\" data-src=\"https:\/\/aska.lt\/wp-content\/uploads\/2025\/09\/Gemini_Generated_Image_tt89r3tt89r3tt89-1-1-796x1024.png\" class=\"attachment-large size-large wp-image-6285 lazyload\" alt=\"\" data-srcset=\"https:\/\/aska.lt\/wp-content\/uploads\/2025\/09\/Gemini_Generated_Image_tt89r3tt89r3tt89-1-1-796x1024.png 796w, https:\/\/aska.lt\/wp-content\/uploads\/2025\/09\/Gemini_Generated_Image_tt89r3tt89r3tt89-1-1-233x300.png 233w, https:\/\/aska.lt\/wp-content\/uploads\/2025\/09\/Gemini_Generated_Image_tt89r3tt89r3tt89-1-1-9x12.png 9w, https:\/\/aska.lt\/wp-content\/uploads\/2025\/09\/Gemini_Generated_Image_tt89r3tt89r3tt89-1-1.png 896w\" data-sizes=\"(max-width: 796px) 100vw, 796px\" src=\"data:image\/svg+xml;base64,PHN2ZyB3aWR0aD0iMSIgaGVpZ2h0PSIxIiB4bWxucz0iaHR0cDovL3d3dy53My5vcmcvMjAwMC9zdmciPjwvc3ZnPg==\" style=\"--smush-placeholder-width: 796px; --smush-placeholder-aspect-ratio: 796\/1024;\" \/>\t\t\t\t\t\t\t\t\t\t\t\t\t\t\t<\/div>\n\t\t\t\t<\/div>\n\t\t\t\t<\/div>\n\t\t\t\t<\/div>\n\t\t\t\t<\/div>","protected":false},"excerpt":{"rendered":"<p>Lorem ipsum dolor sit amet, consectetur adipiscing elit. Ut elit tellus, luctus nec ullamcorper mattis, pulvinar dapibus leo.<\/p>","protected":false},"author":1,"featured_media":0,"parent":0,"menu_order":0,"comment_status":"closed","ping_status":"closed","template":"elementor_header_footer","meta":{"_acf_changed":false,"footnotes":""},"class_list":["post-409","page","type-page","status-publish","hentry"],"acf":[],"yoast_head":"<!-- This site is optimized with the Yoast SEO plugin v26.6 - https:\/\/yoast.com\/wordpress\/plugins\/seo\/ -->\n<title>Apie k\u016brybin\u0119 agent\u016br\u0105 - ASKA<\/title>\n<meta name=\"description\" content=\"ASKA k\u016brybin\u0117 agent\u016bra, gyvuojanti jau vir\u0161 10 met\u0173, si\u016blo profesionalias svetaini\u0173, grafinio dizaino ir svetaini\u0173 k\u016brimo paslaugas.\" \/>\n<meta name=\"robots\" content=\"index, follow, max-snippet:-1, max-image-preview:large, max-video-preview:-1\" \/>\n<link rel=\"canonical\" href=\"https:\/\/aska.lt\/en\/apie-kurybine-agentura\/\" \/>\n<meta property=\"og:locale\" content=\"en_US\" \/>\n<meta property=\"og:type\" content=\"article\" \/>\n<meta property=\"og:title\" content=\"Apie k\u016brybin\u0119 agent\u016br\u0105 - ASKA\" \/>\n<meta property=\"og:description\" content=\"ASKA k\u016brybin\u0117 agent\u016bra, gyvuojanti jau vir\u0161 10 met\u0173, si\u016blo profesionalias svetaini\u0173, grafinio dizaino ir svetaini\u0173 k\u016brimo paslaugas.\" \/>\n<meta property=\"og:url\" content=\"https:\/\/aska.lt\/en\/apie-kurybine-agentura\/\" \/>\n<meta property=\"og:site_name\" content=\"ASKA\" \/>\n<meta property=\"article:modified_time\" content=\"2025-10-30T13:52:18+00:00\" \/>\n<meta property=\"og:image\" content=\"https:\/\/aska.lt\/wp-content\/uploads\/2025\/09\/Frame-1597880348-1.png\" \/>\n\t<meta property=\"og:image:width\" content=\"760\" \/>\n\t<meta property=\"og:image:height\" content=\"8336\" \/>\n\t<meta property=\"og:image:type\" content=\"image\/png\" \/>\n<meta name=\"twitter:card\" content=\"summary_large_image\" \/>\n<meta name=\"twitter:label1\" content=\"Est. reading time\" \/>\n\t<meta name=\"twitter:data1\" content=\"2 minutes\" \/>\n<script type=\"application\/ld+json\" class=\"yoast-schema-graph\">{\"@context\":\"https:\/\/schema.org\",\"@graph\":[{\"@type\":\"WebPage\",\"@id\":\"https:\/\/aska.lt\/apie-kurybine-agentura\/\",\"url\":\"https:\/\/aska.lt\/apie-kurybine-agentura\/\",\"name\":\"Apie k\u016brybin\u0119 agent\u016br\u0105 - ASKA\",\"isPartOf\":{\"@id\":\"https:\/\/aska.lt\/#website\"},\"primaryImageOfPage\":{\"@id\":\"https:\/\/aska.lt\/apie-kurybine-agentura\/#primaryimage\"},\"image\":{\"@id\":\"https:\/\/aska.lt\/apie-kurybine-agentura\/#primaryimage\"},\"thumbnailUrl\":\"https:\/\/aska.lt\/wp-content\/uploads\/2025\/09\/Frame-1597880348-1.png\",\"datePublished\":\"2024-07-05T12:22:25+00:00\",\"dateModified\":\"2025-10-30T13:52:18+00:00\",\"description\":\"ASKA k\u016brybin\u0117 agent\u016bra, gyvuojanti jau vir\u0161 10 met\u0173, si\u016blo profesionalias svetaini\u0173, grafinio dizaino ir svetaini\u0173 k\u016brimo paslaugas.\",\"breadcrumb\":{\"@id\":\"https:\/\/aska.lt\/apie-kurybine-agentura\/#breadcrumb\"},\"inLanguage\":\"en-US\",\"potentialAction\":[{\"@type\":\"ReadAction\",\"target\":[\"https:\/\/aska.lt\/apie-kurybine-agentura\/\"]}]},{\"@type\":\"ImageObject\",\"inLanguage\":\"en-US\",\"@id\":\"https:\/\/aska.lt\/apie-kurybine-agentura\/#primaryimage\",\"url\":\"https:\/\/aska.lt\/wp-content\/uploads\/2025\/09\/Frame-1597880348-1.png\",\"contentUrl\":\"https:\/\/aska.lt\/wp-content\/uploads\/2025\/09\/Frame-1597880348-1.png\"},{\"@type\":\"BreadcrumbList\",\"@id\":\"https:\/\/aska.lt\/apie-kurybine-agentura\/#breadcrumb\",\"itemListElement\":[{\"@type\":\"ListItem\",\"position\":1,\"name\":\"Prad\u017eia\",\"item\":\"https:\/\/aska.lt\/\"},{\"@type\":\"ListItem\",\"position\":2,\"name\":\"Apie k\u016brybin\u0119 agent\u016br\u0105\"}]},{\"@type\":\"WebSite\",\"@id\":\"https:\/\/aska.lt\/#website\",\"url\":\"https:\/\/aska.lt\/\",\"name\":\"ASKA\",\"description\":\"Arnoldo Songailos k\u016brybin\u0117 agent\u016bra\",\"publisher\":{\"@id\":\"https:\/\/aska.lt\/#organization\"},\"potentialAction\":[{\"@type\":\"SearchAction\",\"target\":{\"@type\":\"EntryPoint\",\"urlTemplate\":\"https:\/\/aska.lt\/?s={search_term_string}\"},\"query-input\":{\"@type\":\"PropertyValueSpecification\",\"valueRequired\":true,\"valueName\":\"search_term_string\"}}],\"inLanguage\":\"en-US\"},{\"@type\":\"Organization\",\"@id\":\"https:\/\/aska.lt\/#organization\",\"name\":\"ASKA\",\"url\":\"https:\/\/aska.lt\/\",\"logo\":{\"@type\":\"ImageObject\",\"inLanguage\":\"en-US\",\"@id\":\"https:\/\/aska.lt\/#\/schema\/logo\/image\/\",\"url\":\"https:\/\/aska.lt\/wp-content\/uploads\/2024\/07\/aska.lt_logotipas-2-e1748552215575.png\",\"contentUrl\":\"https:\/\/aska.lt\/wp-content\/uploads\/2024\/07\/aska.lt_logotipas-2-e1748552215575.png\",\"width\":308,\"height\":96,\"caption\":\"ASKA\"},\"image\":{\"@id\":\"https:\/\/aska.lt\/#\/schema\/logo\/image\/\"}}]}<\/script>\n<!-- \/ Yoast SEO plugin. -->","yoast_head_json":{"title":"Apie k\u016brybin\u0119 agent\u016br\u0105 - ASKA","description":"ASKA k\u016brybin\u0117 agent\u016bra, gyvuojanti jau vir\u0161 10 met\u0173, si\u016blo profesionalias svetaini\u0173, grafinio dizaino ir svetaini\u0173 k\u016brimo paslaugas.","robots":{"index":"index","follow":"follow","max-snippet":"max-snippet:-1","max-image-preview":"max-image-preview:large","max-video-preview":"max-video-preview:-1"},"canonical":"https:\/\/aska.lt\/en\/apie-kurybine-agentura\/","og_locale":"en_US","og_type":"article","og_title":"Apie k\u016brybin\u0119 agent\u016br\u0105 - ASKA","og_description":"ASKA k\u016brybin\u0117 agent\u016bra, gyvuojanti jau vir\u0161 10 met\u0173, si\u016blo profesionalias svetaini\u0173, grafinio dizaino ir svetaini\u0173 k\u016brimo paslaugas.","og_url":"https:\/\/aska.lt\/en\/apie-kurybine-agentura\/","og_site_name":"ASKA","article_modified_time":"2025-10-30T13:52:18+00:00","og_image":[{"width":760,"height":8336,"url":"https:\/\/aska.lt\/wp-content\/uploads\/2025\/09\/Frame-1597880348-1.png","type":"image\/png"}],"twitter_card":"summary_large_image","twitter_misc":{"Est. reading time":"2 minutes"},"schema":{"@context":"https:\/\/schema.org","@graph":[{"@type":"WebPage","@id":"https:\/\/aska.lt\/apie-kurybine-agentura\/","url":"https:\/\/aska.lt\/apie-kurybine-agentura\/","name":"Apie k\u016brybin\u0119 agent\u016br\u0105 - ASKA","isPartOf":{"@id":"https:\/\/aska.lt\/#website"},"primaryImageOfPage":{"@id":"https:\/\/aska.lt\/apie-kurybine-agentura\/#primaryimage"},"image":{"@id":"https:\/\/aska.lt\/apie-kurybine-agentura\/#primaryimage"},"thumbnailUrl":"https:\/\/aska.lt\/wp-content\/uploads\/2025\/09\/Frame-1597880348-1.png","datePublished":"2024-07-05T12:22:25+00:00","dateModified":"2025-10-30T13:52:18+00:00","description":"ASKA k\u016brybin\u0117 agent\u016bra, gyvuojanti jau vir\u0161 10 met\u0173, si\u016blo profesionalias svetaini\u0173, grafinio dizaino ir svetaini\u0173 k\u016brimo paslaugas.","breadcrumb":{"@id":"https:\/\/aska.lt\/apie-kurybine-agentura\/#breadcrumb"},"inLanguage":"en-US","potentialAction":[{"@type":"ReadAction","target":["https:\/\/aska.lt\/apie-kurybine-agentura\/"]}]},{"@type":"ImageObject","inLanguage":"en-US","@id":"https:\/\/aska.lt\/apie-kurybine-agentura\/#primaryimage","url":"https:\/\/aska.lt\/wp-content\/uploads\/2025\/09\/Frame-1597880348-1.png","contentUrl":"https:\/\/aska.lt\/wp-content\/uploads\/2025\/09\/Frame-1597880348-1.png"},{"@type":"BreadcrumbList","@id":"https:\/\/aska.lt\/apie-kurybine-agentura\/#breadcrumb","itemListElement":[{"@type":"ListItem","position":1,"name":"Prad\u017eia","item":"https:\/\/aska.lt\/"},{"@type":"ListItem","position":2,"name":"Apie k\u016brybin\u0119 agent\u016br\u0105"}]},{"@type":"WebSite","@id":"https:\/\/aska.lt\/#website","url":"https:\/\/aska.lt\/","name":"ASKA","description":"Arnoldo Songailos k\u016brybin\u0117 agent\u016bra","publisher":{"@id":"https:\/\/aska.lt\/#organization"},"potentialAction":[{"@type":"SearchAction","target":{"@type":"EntryPoint","urlTemplate":"https:\/\/aska.lt\/?s={search_term_string}"},"query-input":{"@type":"PropertyValueSpecification","valueRequired":true,"valueName":"search_term_string"}}],"inLanguage":"en-US"},{"@type":"Organization","@id":"https:\/\/aska.lt\/#organization","name":"ASKA","url":"https:\/\/aska.lt\/","logo":{"@type":"ImageObject","inLanguage":"en-US","@id":"https:\/\/aska.lt\/#\/schema\/logo\/image\/","url":"https:\/\/aska.lt\/wp-content\/uploads\/2024\/07\/aska.lt_logotipas-2-e1748552215575.png","contentUrl":"https:\/\/aska.lt\/wp-content\/uploads\/2024\/07\/aska.lt_logotipas-2-e1748552215575.png","width":308,"height":96,"caption":"ASKA"},"image":{"@id":"https:\/\/aska.lt\/#\/schema\/logo\/image\/"}}]}},"_links":{"self":[{"href":"https:\/\/aska.lt\/en\/wp-json\/wp\/v2\/pages\/409","targetHints":{"allow":["GET"]}}],"collection":[{"href":"https:\/\/aska.lt\/en\/wp-json\/wp\/v2\/pages"}],"about":[{"href":"https:\/\/aska.lt\/en\/wp-json\/wp\/v2\/types\/page"}],"author":[{"embeddable":true,"href":"https:\/\/aska.lt\/en\/wp-json\/wp\/v2\/users\/1"}],"replies":[{"embeddable":true,"href":"https:\/\/aska.lt\/en\/wp-json\/wp\/v2\/comments?post=409"}],"version-history":[{"count":195,"href":"https:\/\/aska.lt\/en\/wp-json\/wp\/v2\/pages\/409\/revisions"}],"predecessor-version":[{"id":6678,"href":"https:\/\/aska.lt\/en\/wp-json\/wp\/v2\/pages\/409\/revisions\/6678"}],"wp:attachment":[{"href":"https:\/\/aska.lt\/en\/wp-json\/wp\/v2\/media?parent=409"}],"curies":[{"name":"wp","href":"https:\/\/api.w.org\/{rel}","templated":true}]}}